{"id":228,"date":"2025-10-21T16:43:40","date_gmt":"2025-10-21T16:43:40","guid":{"rendered":"https:\/\/osvaldo.lunaxis.com.br\/?page_id=228"},"modified":"2025-10-21T18:33:26","modified_gmt":"2025-10-21T18:33:26","slug":"elementor-228","status":"publish","type":"page","link":"https:\/\/osvaldo.lunaxis.com.br\/en\/elementor-228\/","title":{"rendered":"Elementor #228"},"content":{"rendered":"<div data-elementor-type=\"wp-page\" data-elementor-id=\"228\" class=\"elementor elementor-228\">\n\t\t\t\t<div class=\"elementor-element elementor-element-b22196b elementor-hidden-desktop e-flex e-con-boxed e-con e-parent\" data-id=\"b22196b\" data-element_type=\"container\" data-e-type=\"container\" data-settings=\"{&quot;background_background&quot;:&quot;classic&quot;}\">\n\t\t\t\t\t<div class=\"e-con-inner\">\n\t\t\t\t<div class=\"elementor-element elementor-element-30eddfe elementor-widget elementor-widget-image\" data-id=\"30eddfe\" data-element_type=\"widget\" data-e-type=\"widget\" data-widget_type=\"image.default\">\n\t\t\t\t\t\t\t\t\t\t\t\t\t\t\t<img fetchpriority=\"high\" decoding=\"async\" width=\"1920\" height=\"1403\" src=\"https:\/\/osvaldo.lunaxis.com.br\/wp-content\/uploads\/2025\/10\/Hotsite_Ciranda-2025_banner-1.png\" class=\"attachment-2048x2048 size-2048x2048 wp-image-233\" alt=\"\" srcset=\"https:\/\/osvaldo.lunaxis.com.br\/wp-content\/uploads\/2025\/10\/Hotsite_Ciranda-2025_banner-1.png 1920w, https:\/\/osvaldo.lunaxis.com.br\/wp-content\/uploads\/2025\/10\/Hotsite_Ciranda-2025_banner-1-300x219.png 300w, https:\/\/osvaldo.lunaxis.com.br\/wp-content\/uploads\/2025\/10\/Hotsite_Ciranda-2025_banner-1-1024x748.png 1024w, https:\/\/osvaldo.lunaxis.com.br\/wp-content\/uploads\/2025\/10\/Hotsite_Ciranda-2025_banner-1-768x561.png 768w, https:\/\/osvaldo.lunaxis.com.br\/wp-content\/uploads\/2025\/10\/Hotsite_Ciranda-2025_banner-1-1536x1122.png 1536w\" sizes=\"(max-width: 1920px) 100vw, 1920px\" \/>\t\t\t\t\t\t\t\t\t\t\t\t\t\t\t<\/div>\n\t\t\t\t\t<\/div>\n\t\t\t\t<\/div>\n\t\t<div class=\"elementor-element elementor-element-311a5dd e-flex e-con-boxed e-con e-parent\" data-id=\"311a5dd\" data-element_type=\"container\" data-e-type=\"container\" data-settings=\"{&quot;background_background&quot;:&quot;classic&quot;}\">\n\t\t\t\t\t<div class=\"e-con-inner\">\n\t\t\t\t<div class=\"elementor-element elementor-element-55d48c8 elementor-hidden-desktop elementor-widget elementor-widget-heading\" data-id=\"55d48c8\" data-element_type=\"widget\" data-e-type=\"widget\" data-widget_type=\"heading.default\">\n\t\t\t\t\t<h2 class=\"elementor-heading-title elementor-size-default\">O congresso<\/h2>\t\t\t\t<\/div>\n\t\t\t\t<div class=\"elementor-element elementor-element-b8e0c9e elementor-widget elementor-widget-heading\" data-id=\"b8e0c9e\" data-element_type=\"widget\" data-e-type=\"widget\" data-widget_type=\"heading.default\">\n\t\t\t\t\t<h2 class=\"elementor-heading-title elementor-size-default\">O Congresso Ciranda do Conhecimento \u00e9 uma iniciativa in\u00e9dita do Sesc Pernambuco voltada \u00e0 forma\u00e7\u00e3o intensiva de profissionais e estudantes de Esportes, Recrea\u00e7\u00e3o, Turismo e \u00e1reas afins, como Pedagogia, Psicologia, Ludicidade, Eventos, entre outros.<br>\n<br>\nDe 27 a 29 de novembro de 2025, no Centro de Eventos da Faculdade Pernambucana de Sa\u00fade (FPS), no Recife, voc\u00ea ter\u00e1 acesso a uma estrutura completa para vivenciar experi\u00eancias formativas de alto n\u00edvel.<br>\n<br>\nCom o tema \u201cBem-Estar e Equil\u00edbrio Social: Caminhos para uma vida saud\u00e1vel\u201d, promoveremos um espa\u00e7o de troca qualificada e atualiza\u00e7\u00e3o.<br>\n<br>\nSe voc\u00ea busca aprofundar conhecimentos, desenvolver habilidades e se conectar com uma rede engajada na valoriza\u00e7\u00e3o do lazer como vetor de transforma\u00e7\u00e3o social, este congresso \u00e9 para voc\u00ea.<br>\n<br>\nVem com a gente conectar, movimentar, transformar.<\/h2>\t\t\t\t<\/div>\n\t\t\t\t\t<\/div>\n\t\t\t\t<\/div>\n\t\t<div class=\"elementor-element elementor-element-abb8683 e-flex e-con-boxed e-con e-parent\" data-id=\"abb8683\" data-element_type=\"container\" data-e-type=\"container\" data-settings=\"{&quot;background_background&quot;:&quot;classic&quot;}\">\n\t\t\t\t\t<div class=\"e-con-inner\">\n\t\t\t\t<div class=\"elementor-element elementor-element-94e315b elementor-widget elementor-widget-heading\" data-id=\"94e315b\" data-element_type=\"widget\" data-e-type=\"widget\" data-widget_type=\"heading.default\">\n\t\t\t\t\t<h2 class=\"elementor-heading-title elementor-size-default\"><b>POR QUE PARTICIPAR<\/b><\/h2>\t\t\t\t<\/div>\n\t\t\t\t\t<\/div>\n\t\t\t\t<\/div>\n\t\t<div class=\"elementor-element elementor-element-a2fe455 e-grid e-con-boxed e-con e-parent\" data-id=\"a2fe455\" data-element_type=\"container\" data-e-type=\"container\" data-settings=\"{&quot;background_background&quot;:&quot;classic&quot;}\">\n\t\t\t\t\t<div class=\"e-con-inner\">\n\t\t\t\t<div class=\"elementor-element elementor-element-962b7f0 elementor-widget elementor-widget-heading\" data-id=\"962b7f0\" data-element_type=\"widget\" data-e-type=\"widget\" data-widget_type=\"heading.default\">\n\t\t\t\t\t<h2 class=\"elementor-heading-title elementor-size-default\"><b>\u2022 Aprendizado profundo<\/b>: tr\u00eas dias repletos de plaestras, cursos e minicursos pr\u00e1ticos para voc\u00ea se aprofundar nas \u00e1reas de Esporte, Recrea\u00e7\u00e3o e Turismo. Conhecimento atualizado para impulsionar sua carreira e ampliar sua vis\u00e3o.<\/h2>\t\t\t\t<\/div>\n\t\t\t\t<div class=\"elementor-element elementor-element-b6b8187 elementor-widget elementor-widget-heading\" data-id=\"b6b8187\" data-element_type=\"widget\" data-e-type=\"widget\" data-widget_type=\"heading.default\">\n\t\t\t\t\t<h2 class=\"elementor-heading-title elementor-size-default\"><span style=\"font-weight: 700\">\u2022 Impacto na carreira<\/span>: aprenda com especialistas, desenvolva novas habilidades e destaque-se no mercado. Participar \u00e9 investir no seu futuro.<\/h2>\t\t\t\t<\/div>\n\t\t\t\t<div class=\"elementor-element elementor-element-e9f0c82 elementor-widget elementor-widget-heading\" data-id=\"e9f0c82\" data-element_type=\"widget\" data-e-type=\"widget\" data-widget_type=\"heading.default\">\n\t\t\t\t\t<h2 class=\"elementor-heading-title elementor-size-default\"><span style=\"font-weight: 700\">\u2022 Networking estrat\u00e9gico<\/span>: conecte-se com profissionais e estudantes apaixonados pelas mesmas \u00e1reas de interesse. Uma oportunidade \u00fanica para criar parcerias estrat\u00e9gicas e fortalecer sua rede.<\/h2>\t\t\t\t<\/div>\n\t\t\t\t<div class=\"elementor-element elementor-element-8531b9b elementor-widget elementor-widget-heading\" data-id=\"8531b9b\" data-element_type=\"widget\" data-e-type=\"widget\" data-widget_type=\"heading.default\">\n\t\t\t\t\t<h2 class=\"elementor-heading-title elementor-size-default\"><span style=\"font-weight: 700\">\u2022 Compromisso com o amanh\u00e3<\/span>: nossa vis\u00e3o estrat\u00e9gica \u00e9 clara. Estamos construindo pontes entre academia, mercado e profissionais engajados. Ao se inscrever, voc\u00ea se torna parte ativa dessa transforma\u00e7\u00e3o.<\/h2>\t\t\t\t<\/div>\n\t\t\t\t\t<\/div>\n\t\t\t\t<\/div>\n\t\t\t\t<\/div>","protected":false},"excerpt":{"rendered":"<p>O congresso O Congresso Ciranda do Conhecimento \u00e9 uma iniciativa in\u00e9dita do Sesc Pernambuco voltada \u00e0 forma\u00e7\u00e3o intensiva de profissionais e estudantes de Esportes, Recrea\u00e7\u00e3o, Turismo e \u00e1reas afins, como Pedagogia, Psicologia, Ludicidade, Eventos, entre outros. De 27 a 29 de novembro de 2025, no Centro de Eventos da Faculdade Pernambucana de Sa\u00fade (FPS), no [&hellip;]<\/p>","protected":false},"author":2,"featured_media":0,"parent":0,"menu_order":0,"comment_status":"closed","ping_status":"closed","template":"","meta":{"footnotes":""},"class_list":["post-228","page","type-page","status-publish","hentry"],"builder_content":"","_links":{"self":[{"href":"https:\/\/osvaldo.lunaxis.com.br\/en\/wp-json\/wp\/v2\/pages\/228","targetHints":{"allow":["GET"]}}],"collection":[{"href":"https:\/\/osvaldo.lunaxis.com.br\/en\/wp-json\/wp\/v2\/pages"}],"about":[{"href":"https:\/\/osvaldo.lunaxis.com.br\/en\/wp-json\/wp\/v2\/types\/page"}],"author":[{"embeddable":true,"href":"https:\/\/osvaldo.lunaxis.com.br\/en\/wp-json\/wp\/v2\/users\/2"}],"replies":[{"embeddable":true,"href":"https:\/\/osvaldo.lunaxis.com.br\/en\/wp-json\/wp\/v2\/comments?post=228"}],"version-history":[{"count":41,"href":"https:\/\/osvaldo.lunaxis.com.br\/en\/wp-json\/wp\/v2\/pages\/228\/revisions"}],"predecessor-version":[{"id":277,"href":"https:\/\/osvaldo.lunaxis.com.br\/en\/wp-json\/wp\/v2\/pages\/228\/revisions\/277"}],"wp:attachment":[{"href":"https:\/\/osvaldo.lunaxis.com.br\/en\/wp-json\/wp\/v2\/media?parent=228"}],"curies":[{"name":"wp","href":"https:\/\/api.w.org\/{rel}","templated":true}]}}